{"id":6,"date":"2026-01-05T08:43:10","date_gmt":"2026-01-05T08:43:10","guid":{"rendered":"https:\/\/kongstedskytteforening.dk\/?page_id=6"},"modified":"2026-01-27T19:30:19","modified_gmt":"2026-01-27T18:30:19","slug":"start-side","status":"publish","type":"page","link":"https:\/\/kongstedskytteforening.dk\/","title":{"rendered":"start side"},"content":{"rendered":"\t\t<div data-elementor-type=\"wp-page\" data-elementor-id=\"6\" class=\"elementor elementor-6\">\n\t\t\t\t<div class=\"elementor-element elementor-element-3a5e642 e-con-full e-flex elementor-invisible e-con e-parent\" data-id=\"3a5e642\" data-element_type=\"container\" data-e-type=\"container\" data-settings=\"{&quot;background_background&quot;:&quot;classic&quot;,&quot;shape_divider_bottom&quot;:&quot;waves&quot;,&quot;animation&quot;:&quot;fadeIn&quot;,&quot;animation_delay&quot;:20,&quot;shape_divider_bottom_negative&quot;:&quot;yes&quot;}\">\n\t\t\t\t<div class=\"elementor-shape elementor-shape-bottom\" aria-hidden=\"true\" data-negative=\"true\">\n\t\t\t<svg xmlns=\"http:\/\/www.w3.org\/2000\/svg\" viewBox=\"0 0 1000 100\" preserveAspectRatio=\"none\">\n\t<path class=\"elementor-shape-fill\" d=\"M790.5,93.1c-59.3-5.3-116.8-18-192.6-50c-29.6-12.7-76.9-31-100.5-35.9c-23.6-4.9-52.6-7.8-75.5-5.3\n\tc-10.2,1.1-22.6,1.4-50.1,7.4c-27.2,6.3-58.2,16.6-79.4,24.7c-41.3,15.9-94.9,21.9-134,22.6C72,58.2,0,25.8,0,25.8V100h1000V65.3\n\tc0,0-51.5,19.4-106.2,25.7C839.5,97,814.1,95.2,790.5,93.1z\"\/>\n<\/svg>\t\t<\/div>\n\t\t\t\t<div class=\"elementor-element elementor-element-ea516aa elementor-widget__width-initial elementor-widget-mobile__width-inherit elementor-hidden-mobile elementor-widget elementor-widget-heading\" data-id=\"ea516aa\" data-element_type=\"widget\" data-e-type=\"widget\" data-widget_type=\"heading.default\">\n\t\t\t\t\t<h2 class=\"elementor-heading-title elementor-size-default\">Kongsted Skytteforening<\/h2>\t\t\t\t<\/div>\n\t\t\t\t<\/div>\n\t\t<div class=\"elementor-element elementor-element-9986153 e-flex e-con-boxed elementor-invisible e-con e-parent\" data-id=\"9986153\" data-element_type=\"container\" data-e-type=\"container\" data-settings=\"{&quot;animation&quot;:&quot;fadeIn&quot;,&quot;animation_delay&quot;:50}\">\n\t\t\t\t\t<div class=\"e-con-inner\">\n\t\t<div class=\"elementor-element elementor-element-2f595dd e-con-full e-flex e-con e-child\" data-id=\"2f595dd\" data-element_type=\"container\" data-e-type=\"container\">\n\t\t\t\t<div class=\"elementor-element elementor-element-8af9b84 elementor-widget elementor-widget-image\" data-id=\"8af9b84\" data-element_type=\"widget\" data-e-type=\"widget\" data-widget_type=\"image.default\">\n\t\t\t\t\t\t\t\t\t\t\t\t\t\t\t<img fetchpriority=\"high\" decoding=\"async\" width=\"670\" height=\"1536\" src=\"https:\/\/kongstedskytteforening.dk\/wp-content\/uploads\/2026\/01\/gevaer2-e1767607715775-670x1536.jpg\" class=\"attachment-1536x1536 size-1536x1536 wp-image-90\" alt=\"\" srcset=\"https:\/\/kongstedskytteforening.dk\/wp-content\/uploads\/2026\/01\/gevaer2-e1767607715775-670x1536.jpg 670w, https:\/\/kongstedskytteforening.dk\/wp-content\/uploads\/2026\/01\/gevaer2-e1767607715775-131x300.webp 131w, https:\/\/kongstedskytteforening.dk\/wp-content\/uploads\/2026\/01\/gevaer2-e1767607715775-447x1024.webp 447w, https:\/\/kongstedskytteforening.dk\/wp-content\/uploads\/2026\/01\/gevaer2-e1767607715775-768x1760.webp 768w\" sizes=\"(max-width: 670px) 100vw, 670px\" \/>\t\t\t\t\t\t\t\t\t\t\t\t\t\t\t<\/div>\n\t\t\t\t<\/div>\n\t\t<div class=\"elementor-element elementor-element-9948665 e-con-full e-flex e-con e-child\" data-id=\"9948665\" data-element_type=\"container\" data-e-type=\"container\">\n\t\t\t\t<div class=\"elementor-element elementor-element-48cbfd6 elementor-widget elementor-widget-text-editor\" data-id=\"48cbfd6\" data-element_type=\"widget\" data-e-type=\"widget\" data-widget_type=\"text-editor.default\">\n\t\t\t\t\t\t\t\t\t<p style=\"text-align: center;\"><strong>\u00c5bningstider<\/strong><\/p>\t\t\t\t\t\t\t\t<\/div>\n\t\t<div class=\"elementor-element elementor-element-6db420d e-con-full e-flex e-con e-child\" data-id=\"6db420d\" data-element_type=\"container\" data-e-type=\"container\">\n\t\t\t\t<div class=\"elementor-element elementor-element-540ec76 elementor-widget elementor-widget-text-editor\" data-id=\"540ec76\" data-element_type=\"widget\" data-e-type=\"widget\" data-widget_type=\"text-editor.default\">\n\t\t\t\t\t\t\t\t\t<ul><li>Mandag\u00a0 17.00 til 21.00<\/li><li>Onsdag\u00a0 \u00a018.00 til 21.30<\/li><li>Torsdag\u00a0 18.00 til 21.00<\/li><\/ul>\t\t\t\t\t\t\t\t<\/div>\n\t\t\t\t<\/div>\n\t\t\t\t<\/div>\n\t\t\t\t\t<\/div>\n\t\t\t\t<\/div>\n\t\t<div class=\"elementor-element elementor-element-b62c373 e-flex e-con-boxed e-con e-parent\" data-id=\"b62c373\" data-element_type=\"container\" data-e-type=\"container\">\n\t\t\t\t\t<div class=\"e-con-inner\">\n\t\t\t\t<div class=\"elementor-element elementor-element-ae9e0f2 elementor-widget-divider--view-line elementor-widget elementor-widget-divider\" data-id=\"ae9e0f2\" data-element_type=\"widget\" data-e-type=\"widget\" data-widget_type=\"divider.default\">\n\t\t\t\t\t\t\t<div class=\"elementor-divider\">\n\t\t\t<span class=\"elementor-divider-separator\">\n\t\t\t\t\t\t<\/span>\n\t\t<\/div>\n\t\t\t\t\t\t<\/div>\n\t\t\t\t\t<\/div>\n\t\t\t\t<\/div>\n\t\t<div class=\"elementor-element elementor-element-8982fb7 e-flex e-con-boxed elementor-invisible e-con e-parent\" data-id=\"8982fb7\" data-element_type=\"container\" data-e-type=\"container\" data-settings=\"{&quot;animation&quot;:&quot;fadeIn&quot;,&quot;animation_delay&quot;:20}\">\n\t\t\t\t\t<div class=\"e-con-inner\">\n\t\t<div class=\"elementor-element elementor-element-c7a95d2 e-con-full e-flex e-con e-child\" data-id=\"c7a95d2\" data-element_type=\"container\" data-e-type=\"container\">\n\t\t\t\t<div class=\"elementor-element elementor-element-ede0912 elementor-widget elementor-widget-heading\" data-id=\"ede0912\" data-element_type=\"widget\" data-e-type=\"widget\" data-widget_type=\"heading.default\">\n\t\t\t\t\t<h2 class=\"elementor-heading-title elementor-size-default\">Her finder du os <\/h2>\t\t\t\t<\/div>\n\t\t\t\t<\/div>\n\t\t<div class=\"elementor-element elementor-element-216066d e-con-full e-flex e-con e-child\" data-id=\"216066d\" data-element_type=\"container\" data-e-type=\"container\">\n\t\t\t\t<div class=\"elementor-element elementor-element-0382eb8 elementor-widget elementor-widget-text-editor\" data-id=\"0382eb8\" data-element_type=\"widget\" data-e-type=\"widget\" data-widget_type=\"text-editor.default\">\n\t\t\t\t\t\t\t\t\t<p><strong><a tabindex=\"0\" href=\"https:\/\/www.google.com\/maps\/place\/\/data=!4m2!3m1!1s0x4652e9757dff970b:0x5280a2d221c5aa9e?sa=X&amp;ved=1t:8290&amp;ictx=111\" data-url=\"\/maps\/place\/\/data=!4m2!3m1!1s0x4652e9757dff970b:0x5280a2d221c5aa9e?sa=X&amp;ved=2ahUKEwjP1e7_mPSRAxWNBdsEHTDPN1AQ4kB6BAgGEAA\">Eskilstrupvej 3, 4683 R\u00f8nnede<\/a><\/strong><\/p><p>I k\u00e6lderen<\/p>\t\t\t\t\t\t\t\t<\/div>\n\t\t\t\t<\/div>\n\t\t<div class=\"elementor-element elementor-element-ca6e225 e-con-full e-flex e-con e-child\" data-id=\"ca6e225\" data-element_type=\"container\" data-e-type=\"container\">\n\t\t\t\t<div class=\"elementor-element elementor-element-b13a7be elementor-invisible elementor-widget elementor-widget-google_maps\" data-id=\"b13a7be\" data-element_type=\"widget\" data-e-type=\"widget\" data-settings=\"{&quot;_animation&quot;:&quot;fadeIn&quot;,&quot;_animation_delay&quot;:20}\" data-widget_type=\"google_maps.default\">\n\t\t\t\t\t\t\t<div class=\"elementor-custom-embed\">\n\t\t\t<iframe loading=\"lazy\"\n\t\t\t\t\tsrc=\"https:\/\/maps.google.com\/maps?q=%20Eskilstrupvej%203%2C%204683%20R%C3%B8nnede&#038;t=m&#038;z=17&#038;output=embed&#038;iwloc=near\"\n\t\t\t\t\ttitle=\" Eskilstrupvej 3, 4683 R\u00f8nnede\"\n\t\t\t\t\taria-label=\" Eskilstrupvej 3, 4683 R\u00f8nnede\"\n\t\t\t><\/iframe>\n\t\t<\/div>\n\t\t\t\t\t\t<\/div>\n\t\t\t\t<\/div>\n\t\t\t\t\t<\/div>\n\t\t\t\t<\/div>\n\t\t<div class=\"elementor-element elementor-element-cdd495e e-flex e-con-boxed e-con e-parent\" data-id=\"cdd495e\" data-element_type=\"container\" data-e-type=\"container\">\n\t\t\t\t\t<div class=\"e-con-inner\">\n\t\t\t\t<div class=\"elementor-element elementor-element-545fc74 elementor-widget elementor-widget-spacer\" data-id=\"545fc74\" data-element_type=\"widget\" data-e-type=\"widget\" data-widget_type=\"spacer.default\">\n\t\t\t\t\t\t\t<div class=\"elementor-spacer\">\n\t\t\t<div class=\"elementor-spacer-inner\"><\/div>\n\t\t<\/div>\n\t\t\t\t\t\t<\/div>\n\t\t\t\t\t<\/div>\n\t\t\t\t<\/div>\n\t\t<div class=\"elementor-element elementor-element-e2c56b9 e-flex e-con-boxed e-con e-parent\" data-id=\"e2c56b9\" data-element_type=\"container\" data-e-type=\"container\">\n\t\t\t\t\t<div class=\"e-con-inner\">\n\t\t\t\t<div class=\"elementor-element elementor-element-6759a32 elementor-widget-divider--view-line elementor-widget elementor-widget-divider\" data-id=\"6759a32\" data-element_type=\"widget\" data-e-type=\"widget\" data-widget_type=\"divider.default\">\n\t\t\t\t\t\t\t<div class=\"elementor-divider\">\n\t\t\t<span class=\"elementor-divider-separator\">\n\t\t\t\t\t\t<\/span>\n\t\t<\/div>\n\t\t\t\t\t\t<\/div>\n\t\t\t\t\t<\/div>\n\t\t\t\t<\/div>\n\t\t<div class=\"elementor-element elementor-element-8a45560 e-flex e-con-boxed elementor-invisible e-con e-parent\" data-id=\"8a45560\" data-element_type=\"container\" data-e-type=\"container\" data-settings=\"{&quot;animation&quot;:&quot;fadeIn&quot;,&quot;animation_delay&quot;:50}\">\n\t\t\t\t\t<div class=\"e-con-inner\">\n\t\t\t\t<div class=\"elementor-element elementor-element-42c5ec9 elementor-widget elementor-widget-heading\" data-id=\"42c5ec9\" data-element_type=\"widget\" data-e-type=\"widget\" data-widget_type=\"heading.default\">\n\t\t\t\t\t<h2 class=\"elementor-heading-title elementor-size-default\"><a href=\"https:\/\/kongstedskytteforening.dk\/index.php\/nyheder\/\">Nyheder<\/a><\/h2>\t\t\t\t<\/div>\n\t\t\t\t\t<\/div>\n\t\t\t\t<\/div>\n\t\t<div class=\"elementor-element elementor-element-65a6229 e-flex e-con-boxed e-con e-parent\" data-id=\"65a6229\" data-element_type=\"container\" data-e-type=\"container\">\n\t\t\t\t\t<div class=\"e-con-inner\">\n\t\t\t\t<div class=\"elementor-element elementor-element-297e0dd meta-visibility-show title_position_default title_hover_border_default title-default img_hover_animation_default meta_position_default tpg-is-author-icon-show author-image-visibility-icon readmore-btn-default-style grid-hover-overlay-type-always tpg-el-box-border-enable tpg-border-bottom-disable elementor-widget elementor-widget-tpg-grid-layout\" data-id=\"297e0dd\" data-element_type=\"widget\" data-e-type=\"widget\" data-widget_type=\"tpg-grid-layout.default\">\n\t\t\t\t<div class=\"elementor-widget-container\">\n\t\t\t\t\t\t\t<div class=\"rt-container-fluid rt-tpg-container tpg-el-main-wrapper clearfix grid-layout4-main \"\n\t\t\t id=\"rt-tpg-container-3627867772\"\n\t\t\t data-layout=\"grid-layout4\"\n\t\t\t data-grid-style=\"tpg-full-height\"\n\t\t\t data-sc-id=\"elementor\"\n\t\t\t data-el-settings=''\n\t\t\t data-el-query=''\n\t\t\t data-el-path=''\n\t\t>\n\t\t\t\t\t\t<div class='tpg-header-wrapper '>\n\t\t\t\t\t\t\t<\/div>\n\n\t\t\t<div data-title=\"Loading ...\" class=\"rt-row rt-content-loader grid-layout4 grid-behaviour tpg-full-height grid_layout_wrapper\">\n\t\t\t\t\n<div class=\"rt-col-md-4 rt-col-sm-6 rt-col-xs-12 default rt-grid-item\" data-id=\"340\">\n\t<div class=\"rt-holder tpg-post-holder \">\n\t\t<div class=\"rt-detail rt-el-content-wrapper\">\n\t\t\t\t\t\t\t<div class=\"rt-img-holder tpg-el-image-wrap has-thumbnail\">\n\t\t\t\t\t<a data-id=\"340\" href=\"https:\/\/kongstedskytteforening.dk\/index.php\/2026\/01\/27\/2-x-guld-landsdelsmesterskab-i-skydning\/\" class=\"tpg-post-link\" target=\"_self\">                        <img decoding=\"async\" src=\"https:\/\/kongstedskytteforening.dk\/wp-content\/uploads\/2026\/01\/melina2.webp\"\n                             class=\"rt-img-responsive\"\n                             width=\"768\"\n                             height=\"1001\"\n                             alt=\"2 x Guld + Landsdelsmesterskab i Skydning\">\n\t\t\t\t\t\t\n\t\t\t\t\t\t\t\n\t\t<\/a>\n\t\t        <div class=\"overlay grid-hover-content\"><\/div>\n\t\t\t\t\t\t<\/div>\n\t\t\t\n\t\t\t<div class=\"entry-title-wrapper\"><h3 class=\"entry-title\"><a data-id=\"340\" href=\"https:\/\/kongstedskytteforening.dk\/index.php\/2026\/01\/27\/2-x-guld-landsdelsmesterskab-i-skydning\/\" class=\"tpg-post-link\" target=\"_self\">2 x Guld + Landsdelsmesterskab i Skydning<\/a><\/h3><\/div>\n\t\t\t\t\t\t\t<div class=\"post-meta-tags rt-el-post-meta\">\n\t\t\t\t\t            <span class='author '>\n\n\t\t\t\t<i class='flaticon-user '><\/i><span class='author-prefix'>By<\/span><a href=\"https:\/\/kongstedskytteforening.dk\/index.php\/author\/michael\/\">Michael olsen<\/a>\t\t\t<\/span>\n\t\t\t            <span class='date'>\n\t\t\t\t<i class='flaticon-calendar '><\/i>\t\t\t\t                    <a href=\"https:\/\/kongstedskytteforening.dk\/index.php\/2026\/01\/27\/\">\n\t\t\t\t\tjanuar 27, 2026\t\t\t\t<\/a>\n\t\t\t\t\t\t\t<\/span>\n\t\t\t\t\t\t\t<\/div>\n\t\t\t\n\t\t\t\t\t\t\t<div class=\"tpg-excerpt tpg-el-excerpt\">\n\t\t\t\t\t\t\t\t\t\t\t<div class=\"tpg-excerpt-inner\">\n\t\t\t\t\t\t\tLandsdelsmester i skydning med Luftriffel 2026 i B\u00f8rne-klasserne. Melina Haupt Olsen fra Kongsted Skytteforening, d. 18. januar 2026 deltog Melina i DGI. Storstr\u00f8mmens Landsdelsmesterskab p\u00e5 afstanden...\t\t\t\t\t\t<\/div>\n\t\t\t\t\t\t\t\t\t\t\t\t\t\t<\/div>\n\t\t\t\n\t\t\t        <div class=\"post-footer\">\n            <div class=\"post-footer\">\n                <div class=\"read-more\">\n\t\t\t\t\t<a data-id=\"340\" href=\"https:\/\/kongstedskytteforening.dk\/index.php\/2026\/01\/27\/2-x-guld-landsdelsmesterskab-i-skydning\/\" class=\"tpg-post-link\" target=\"_self\">Read More<\/a>                <\/div>\n            <\/div>\n        <\/div>\n\t\t\t\t<\/div>\n\t<\/div>\n<\/div>\n\t\t\t<\/div>\n\t\t\t\n\t\t<\/div>\n\t\t\t\t\t\t<\/div>\n\t\t\t\t<\/div>\n\t\t\t\t\t<\/div>\n\t\t\t\t<\/div>\n\t\t\t\t<\/div>\n\t\t","protected":false},"excerpt":{"rendered":"<p>Kongsted Skytteforening \u00c5bningstider Mandag\u00a0 17.00 til 21.00 Onsdag\u00a0 \u00a018.00 til 21.30 Torsdag\u00a0 18.00 til 21.00 Her finder du os Eskilstrupvej 3, 4683 R\u00f8nnede I k\u00e6lderen Nyheder 2 x Guld + Landsdelsmesterskab i Skydning ByMichael olsen januar 27, 2026 Landsdelsmester i skydning med Luftriffel 2026 i B\u00f8rne-klasserne. Melina Haupt Olsen fra Kongsted Skytteforening, d. 18. januar [&hellip;]<\/p>\n","protected":false},"author":1,"featured_media":0,"parent":0,"menu_order":0,"comment_status":"closed","ping_status":"closed","template":"","meta":{"ocean_post_layout":"","ocean_both_sidebars_style":"","ocean_both_sidebars_content_width":0,"ocean_both_sidebars_sidebars_width":0,"ocean_sidebar":"","ocean_second_sidebar":"","ocean_disable_margins":"enable","ocean_add_body_class":"","ocean_shortcode_before_top_bar":"","ocean_shortcode_after_top_bar":"","ocean_shortcode_before_header":"","ocean_shortcode_after_header":"","ocean_has_shortcode":"","ocean_shortcode_after_title":"","ocean_shortcode_before_footer_widgets":"","ocean_shortcode_after_footer_widgets":"","ocean_shortcode_before_footer_bottom":"","ocean_shortcode_after_footer_bottom":"","ocean_display_top_bar":"default","ocean_display_header":"default","ocean_header_style":"","ocean_center_header_left_menu":"","ocean_custom_header_template":"","ocean_custom_logo":0,"ocean_custom_retina_logo":0,"ocean_custom_logo_max_width":0,"ocean_custom_logo_tablet_max_width":0,"ocean_custom_logo_mobile_max_width":0,"ocean_custom_logo_max_height":0,"ocean_custom_logo_tablet_max_height":0,"ocean_custom_logo_mobile_max_height":0,"ocean_header_custom_menu":"","ocean_menu_typo_font_family":"","ocean_menu_typo_font_subset":"","ocean_menu_typo_font_size":0,"ocean_menu_typo_font_size_tablet":0,"ocean_menu_typo_font_size_mobile":0,"ocean_menu_typo_font_size_unit":"px","ocean_menu_typo_font_weight":"","ocean_menu_typo_font_weight_tablet":"","ocean_menu_typo_font_weight_mobile":"","ocean_menu_typo_transform":"","ocean_menu_typo_transform_tablet":"","ocean_menu_typo_transform_mobile":"","ocean_menu_typo_line_height":0,"ocean_menu_typo_line_height_tablet":0,"ocean_menu_typo_line_height_mobile":0,"ocean_menu_typo_line_height_unit":"","ocean_menu_typo_spacing":0,"ocean_menu_typo_spacing_tablet":0,"ocean_menu_typo_spacing_mobile":0,"ocean_menu_typo_spacing_unit":"","ocean_menu_link_color":"","ocean_menu_link_color_hover":"","ocean_menu_link_color_active":"","ocean_menu_link_background":"","ocean_menu_link_hover_background":"","ocean_menu_link_active_background":"","ocean_menu_social_links_bg":"","ocean_menu_social_hover_links_bg":"","ocean_menu_social_links_color":"","ocean_menu_social_hover_links_color":"","ocean_disable_title":"default","ocean_disable_heading":"default","ocean_post_title":"","ocean_post_subheading":"","ocean_post_title_style":"","ocean_post_title_background_color":"","ocean_post_title_background":0,"ocean_post_title_bg_image_position":"","ocean_post_title_bg_image_attachment":"","ocean_post_title_bg_image_repeat":"","ocean_post_title_bg_image_size":"","ocean_post_title_height":0,"ocean_post_title_bg_overlay":0.5,"ocean_post_title_bg_overlay_color":"","ocean_disable_breadcrumbs":"default","ocean_breadcrumbs_color":"","ocean_breadcrumbs_separator_color":"","ocean_breadcrumbs_links_color":"","ocean_breadcrumbs_links_hover_color":"","ocean_display_footer_widgets":"default","ocean_display_footer_bottom":"default","ocean_custom_footer_template":"","footnotes":""},"class_list":["post-6","page","type-page","status-publish","hentry","entry","has-media"],"publishpress_future_action":{"enabled":false,"date":"2026-05-22 22:36:26","action":"change-status","newStatus":"draft","terms":[],"taxonomy":"","extraData":[]},"publishpress_future_workflow_manual_trigger":{"enabledWorkflows":[]},"rttpg_featured_image_url":null,"rttpg_author":{"display_name":"admin","author_link":"https:\/\/kongstedskytteforening.dk\/index.php\/author\/admin\/"},"rttpg_comment":0,"rttpg_category":"","rttpg_excerpt":"Kongsted Skytteforening \u00c5bningstider Mandag\u00a0 17.00 til 21.00 Onsdag\u00a0 \u00a018.00 til 21.30 Torsdag\u00a0 18.00 til 21.00 Her finder du os Eskilstrupvej 3, 4683 R\u00f8nnede I k\u00e6lderen Nyheder 2 x Guld + Landsdelsmesterskab i Skydning ByMichael olsen januar 27, 2026 Landsdelsmester i skydning med Luftriffel 2026 i B\u00f8rne-klasserne. Melina Haupt Olsen fra Kongsted Skytteforening, d. 18. januar&hellip;","_links":{"self":[{"href":"https:\/\/kongstedskytteforening.dk\/index.php\/wp-json\/wp\/v2\/pages\/6","targetHints":{"allow":["GET"]}}],"collection":[{"href":"https:\/\/kongstedskytteforening.dk\/index.php\/wp-json\/wp\/v2\/pages"}],"about":[{"href":"https:\/\/kongstedskytteforening.dk\/index.php\/wp-json\/wp\/v2\/types\/page"}],"author":[{"embeddable":true,"href":"https:\/\/kongstedskytteforening.dk\/index.php\/wp-json\/wp\/v2\/users\/1"}],"replies":[{"embeddable":true,"href":"https:\/\/kongstedskytteforening.dk\/index.php\/wp-json\/wp\/v2\/comments?post=6"}],"version-history":[{"count":142,"href":"https:\/\/kongstedskytteforening.dk\/index.php\/wp-json\/wp\/v2\/pages\/6\/revisions"}],"predecessor-version":[{"id":384,"href":"https:\/\/kongstedskytteforening.dk\/index.php\/wp-json\/wp\/v2\/pages\/6\/revisions\/384"}],"wp:attachment":[{"href":"https:\/\/kongstedskytteforening.dk\/index.php\/wp-json\/wp\/v2\/media?parent=6"}],"curies":[{"name":"wp","href":"https:\/\/api.w.org\/{rel}","templated":true}]}}