{"id":135,"date":"2026-01-05T11:18:53","date_gmt":"2026-01-05T11:18:53","guid":{"rendered":"https:\/\/kongstedskytteforening.dk\/?page_id=135"},"modified":"2026-01-27T19:30:19","modified_gmt":"2026-01-27T18:30:19","slug":"nyheder","status":"publish","type":"page","link":"https:\/\/kongstedskytteforening.dk\/index.php\/nyheder\/","title":{"rendered":"Nyheder"},"content":{"rendered":"\t\t<div data-elementor-type=\"wp-page\" data-elementor-id=\"135\" class=\"elementor elementor-135\">\n\t\t\t\t<div class=\"elementor-element elementor-element-642950c e-flex e-con-boxed e-con e-parent\" data-id=\"642950c\" data-element_type=\"container\" data-e-type=\"container\">\n\t\t\t\t\t<div class=\"e-con-inner\">\n\t\t<div class=\"elementor-element elementor-element-ff5cc57 e-con-full e-flex e-con e-child\" data-id=\"ff5cc57\" data-element_type=\"container\" data-e-type=\"container\">\n\t\t\t\t<div class=\"elementor-element elementor-element-7bf6d30 elementor-widget elementor-widget-heading\" data-id=\"7bf6d30\" data-element_type=\"widget\" data-e-type=\"widget\" data-widget_type=\"heading.default\">\n\t\t\t\t\t<h2 class=\"elementor-heading-title elementor-size-default\">Nyheder<\/h2>\t\t\t\t<\/div>\n\t\t\t\t<\/div>\n\t\t<div class=\"elementor-element elementor-element-f80c1ef e-con-full e-flex e-con e-child\" data-id=\"f80c1ef\" data-element_type=\"container\" data-e-type=\"container\">\n\t\t\t\t<\/div>\n\t\t<div class=\"elementor-element elementor-element-ba55a04 e-con-full e-flex e-con e-child\" data-id=\"ba55a04\" data-element_type=\"container\" data-e-type=\"container\">\n\t\t\t\t<\/div>\n\t\t\t\t\t<\/div>\n\t\t\t\t<\/div>\n\t\t<div class=\"elementor-element elementor-element-7fe36fc e-flex e-con-boxed e-con e-parent\" data-id=\"7fe36fc\" data-element_type=\"container\" data-e-type=\"container\">\n\t\t\t\t\t<div class=\"e-con-inner\">\n\t\t\t\t<div class=\"elementor-element elementor-element-c70a2dd tpg-wrapper-align-left tpg-border-bottom-enable img_hover_animation_img_zoom_in grid-hover-overlay-type-fadein-on-hover meta-visibility-show title_position_default title_hover_border_default title-default meta_position_default readmore-btn-default-style tpg-el-box-border-enable elementor-widget elementor-widget-tpg-grid-layout\" data-id=\"c70a2dd\" data-element_type=\"widget\" data-e-type=\"widget\" data-widget_type=\"tpg-grid-layout.default\">\n\t\t\t\t<div class=\"elementor-widget-container\">\n\t\t\t\t\t\t\t<div class=\"rt-container-fluid rt-tpg-container tpg-el-main-wrapper clearfix grid-layout4-main \"\n\t\t\t id=\"rt-tpg-container-4240734413\"\n\t\t\t data-layout=\"grid-layout4\"\n\t\t\t data-grid-style=\"tpg-full-height\"\n\t\t\t data-sc-id=\"elementor\"\n\t\t\t data-el-settings=''\n\t\t\t data-el-query=''\n\t\t\t data-el-path=''\n\t\t>\n\t\t\t\t\t\t<div class='tpg-header-wrapper '>\n\t\t\t\t\t\t\t<\/div>\n\n\t\t\t<div data-title=\"Loading ...\" class=\"rt-row rt-content-loader grid-layout4 grid-behaviour tpg-full-height grid_layout_wrapper\">\n\t\t\t\t\n<div class=\"rt-col-md-4 rt-col-sm-6 rt-col-xs-12 img_zoom_in rt-grid-item\" data-id=\"340\">\n\t<div class=\"rt-holder tpg-post-holder \">\n\t\t<div class=\"rt-detail rt-el-content-wrapper\">\n\t\t\t\t\t\t\t<div class=\"rt-img-holder tpg-el-image-wrap has-thumbnail\">\n\t\t\t\t\t<a data-id=\"340\" href=\"https:\/\/kongstedskytteforening.dk\/index.php\/2026\/01\/27\/2-x-guld-landsdelsmesterskab-i-skydning\/\" class=\"tpg-post-link\" target=\"_self\">                        <img fetchpriority=\"high\" decoding=\"async\" src=\"https:\/\/kongstedskytteforening.dk\/wp-content\/uploads\/2026\/01\/melina2.webp\"\n                             class=\"rt-img-responsive\"\n                             width=\"230\"\n                             height=\"300\"\n                             alt=\"2 x Guld + Landsdelsmesterskab i Skydning\">\n\t\t\t\t\t\t\n\t\t\t\t\t\t\t\n\t\t<\/a>\n\t\t        <div class=\"overlay grid-hover-content\"><\/div>\n\t\t\t\t\t\t<\/div>\n\t\t\t\n\t\t\t<div class=\"entry-title-wrapper\"><h3 class=\"entry-title\"><a data-id=\"340\" href=\"https:\/\/kongstedskytteforening.dk\/index.php\/2026\/01\/27\/2-x-guld-landsdelsmesterskab-i-skydning\/\" class=\"tpg-post-link\" target=\"_self\">2 x Guld + Landsdelsmesterskab i Skydning<\/a><\/h3><\/div>\n\t\t\t\t\t\t\t<div class=\"post-meta-tags rt-el-post-meta\">\n\t\t\t\t\t            <span class='date'>\n\t\t\t\t<i class='flaticon-calendar '><\/i>\t\t\t\t                    <a href=\"https:\/\/kongstedskytteforening.dk\/index.php\/2026\/01\/27\/\">\n\t\t\t\t\tjanuar 27, 2026\t\t\t\t<\/a>\n\t\t\t\t\t\t\t<\/span>\n\t\t\t\t\t\t\t<\/div>\n\t\t\t\n\t\t\t\t\t\t\t<div class=\"tpg-excerpt tpg-el-excerpt\">\n\t\t\t\t\t\t\t\t\t\t\t<div class=\"tpg-excerpt-inner\">\n\t\t\t\t\t\t\tLandsdelsmester i skydning med Luftriffel 2026 i B\u00f8rne-klasserne. Melina Haupt Olsen fra Kongsted Skytteforening, d. 18. januar 2026 deltog Melina i DGI. Storstr\u00f8mmens Landsdelsmesterskab p\u00e5 afstanden...\t\t\t\t\t\t<\/div>\n\t\t\t\t\t\t\t\t\t\t\t\t\t\t<\/div>\n\t\t\t\n\t\t\t        <div class=\"post-footer\">\n            <div class=\"post-footer\">\n                <div class=\"read-more\">\n\t\t\t\t\t<a data-id=\"340\" href=\"https:\/\/kongstedskytteforening.dk\/index.php\/2026\/01\/27\/2-x-guld-landsdelsmesterskab-i-skydning\/\" class=\"tpg-post-link\" target=\"_self\">Read More<\/a>                <\/div>\n            <\/div>\n        <\/div>\n\t\t\t\t<\/div>\n\t<\/div>\n<\/div>\n\t\t\t<\/div>\n\t\t\t\n\t\t<\/div>\n\t\t\t\t\t\t<\/div>\n\t\t\t\t<\/div>\n\t\t\t\t\t<\/div>\n\t\t\t\t<\/div>\n\t\t<div class=\"elementor-element elementor-element-60fa182 e-flex e-con-boxed e-con e-parent\" data-id=\"60fa182\" data-element_type=\"container\" data-e-type=\"container\">\n\t\t\t\t\t<div class=\"e-con-inner\">\n\t\t\t\t\t<\/div>\n\t\t\t\t<\/div>\n\t\t\t\t<\/div>\n\t\t","protected":false},"excerpt":{"rendered":"<p>Nyheder 2 x Guld + Landsdelsmesterskab i Skydning januar 27, 2026 Landsdelsmester i skydning med Luftriffel 2026 i B\u00f8rne-klasserne. Melina Haupt Olsen fra Kongsted Skytteforening, d. 18. januar 2026 deltog Melina i DGI. Storstr\u00f8mmens Landsdelsmesterskab p\u00e5 afstanden&#8230; Read More Resultater for kongsted skytter test St\u00e6vnet januar 5, 2026 Resultater fra hele st\u00e6vnet i linket her [&hellip;]<\/p>\n","protected":false},"author":1,"featured_media":0,"parent":0,"menu_order":0,"comment_status":"closed","ping_status":"closed","template":"","meta":{"ocean_post_layout":"","ocean_both_sidebars_style":"","ocean_both_sidebars_content_width":0,"ocean_both_sidebars_sidebars_width":0,"ocean_sidebar":"","ocean_second_sidebar":"","ocean_disable_margins":"enable","ocean_add_body_class":"","ocean_shortcode_before_top_bar":"","ocean_shortcode_after_top_bar":"","ocean_shortcode_before_header":"","ocean_shortcode_after_header":"","ocean_has_shortcode":"","ocean_shortcode_after_title":"","ocean_shortcode_before_footer_widgets":"","ocean_shortcode_after_footer_widgets":"","ocean_shortcode_before_footer_bottom":"","ocean_shortcode_after_footer_bottom":"","ocean_display_top_bar":"default","ocean_display_header":"default","ocean_header_style":"","ocean_center_header_left_menu":"","ocean_custom_header_template":"","ocean_custom_logo":0,"ocean_custom_retina_logo":0,"ocean_custom_logo_max_width":0,"ocean_custom_logo_tablet_max_width":0,"ocean_custom_logo_mobile_max_width":0,"ocean_custom_logo_max_height":0,"ocean_custom_logo_tablet_max_height":0,"ocean_custom_logo_mobile_max_height":0,"ocean_header_custom_menu":"","ocean_menu_typo_font_family":"","ocean_menu_typo_font_subset":"","ocean_menu_typo_font_size":0,"ocean_menu_typo_font_size_tablet":0,"ocean_menu_typo_font_size_mobile":0,"ocean_menu_typo_font_size_unit":"px","ocean_menu_typo_font_weight":"","ocean_menu_typo_font_weight_tablet":"","ocean_menu_typo_font_weight_mobile":"","ocean_menu_typo_transform":"","ocean_menu_typo_transform_tablet":"","ocean_menu_typo_transform_mobile":"","ocean_menu_typo_line_height":0,"ocean_menu_typo_line_height_tablet":0,"ocean_menu_typo_line_height_mobile":0,"ocean_menu_typo_line_height_unit":"","ocean_menu_typo_spacing":0,"ocean_menu_typo_spacing_tablet":0,"ocean_menu_typo_spacing_mobile":0,"ocean_menu_typo_spacing_unit":"","ocean_menu_link_color":"","ocean_menu_link_color_hover":"","ocean_menu_link_color_active":"","ocean_menu_link_background":"","ocean_menu_link_hover_background":"","ocean_menu_link_active_background":"","ocean_menu_social_links_bg":"","ocean_menu_social_hover_links_bg":"","ocean_menu_social_links_color":"","ocean_menu_social_hover_links_color":"","ocean_disable_title":"default","ocean_disable_heading":"default","ocean_post_title":"","ocean_post_subheading":"","ocean_post_title_style":"","ocean_post_title_background_color":"","ocean_post_title_background":0,"ocean_post_title_bg_image_position":"","ocean_post_title_bg_image_attachment":"","ocean_post_title_bg_image_repeat":"","ocean_post_title_bg_image_size":"","ocean_post_title_height":0,"ocean_post_title_bg_overlay":0.5,"ocean_post_title_bg_overlay_color":"","ocean_disable_breadcrumbs":"default","ocean_breadcrumbs_color":"","ocean_breadcrumbs_separator_color":"","ocean_breadcrumbs_links_color":"","ocean_breadcrumbs_links_hover_color":"","ocean_display_footer_widgets":"default","ocean_display_footer_bottom":"default","ocean_custom_footer_template":"","footnotes":""},"class_list":["post-135","page","type-page","status-publish","hentry","entry","has-media"],"publishpress_future_action":{"enabled":false,"date":"2026-05-22 23:31:56","action":"change-status","newStatus":"draft","terms":[],"taxonomy":"","extraData":[]},"publishpress_future_workflow_manual_trigger":{"enabledWorkflows":[]},"rttpg_featured_image_url":null,"rttpg_author":{"display_name":"admin","author_link":"https:\/\/kongstedskytteforening.dk\/index.php\/author\/admin\/"},"rttpg_comment":0,"rttpg_category":"","rttpg_excerpt":"Nyheder 2 x Guld + Landsdelsmesterskab i Skydning januar 27, 2026 Landsdelsmester i skydning med Luftriffel 2026 i B\u00f8rne-klasserne. Melina Haupt Olsen fra Kongsted Skytteforening, d. 18. januar 2026 deltog Melina i DGI. Storstr\u00f8mmens Landsdelsmesterskab p\u00e5 afstanden&#8230; Read More Resultater for kongsted skytter test St\u00e6vnet januar 5, 2026 Resultater fra hele st\u00e6vnet i linket her&hellip;","_links":{"self":[{"href":"https:\/\/kongstedskytteforening.dk\/index.php\/wp-json\/wp\/v2\/pages\/135","targetHints":{"allow":["GET"]}}],"collection":[{"href":"https:\/\/kongstedskytteforening.dk\/index.php\/wp-json\/wp\/v2\/pages"}],"about":[{"href":"https:\/\/kongstedskytteforening.dk\/index.php\/wp-json\/wp\/v2\/types\/page"}],"author":[{"embeddable":true,"href":"https:\/\/kongstedskytteforening.dk\/index.php\/wp-json\/wp\/v2\/users\/1"}],"replies":[{"embeddable":true,"href":"https:\/\/kongstedskytteforening.dk\/index.php\/wp-json\/wp\/v2\/comments?post=135"}],"version-history":[{"count":37,"href":"https:\/\/kongstedskytteforening.dk\/index.php\/wp-json\/wp\/v2\/pages\/135\/revisions"}],"predecessor-version":[{"id":383,"href":"https:\/\/kongstedskytteforening.dk\/index.php\/wp-json\/wp\/v2\/pages\/135\/revisions\/383"}],"wp:attachment":[{"href":"https:\/\/kongstedskytteforening.dk\/index.php\/wp-json\/wp\/v2\/media?parent=135"}],"curies":[{"name":"wp","href":"https:\/\/api.w.org\/{rel}","templated":true}]}}